{"id":35,"date":"2016-06-29T16:49:17","date_gmt":"2016-06-29T16:49:17","guid":{"rendered":"https:\/\/gaviaonovo.com\/pt-pt\/?page_id=35"},"modified":"2016-06-30T17:54:49","modified_gmt":"2016-06-30T17:54:49","slug":"termos-de-utilizacao","status":"publish","type":"page","link":"https:\/\/gaviaonovo.com\/pt-pt\/termos-de-utilizacao\/","title":{"rendered":"Termos de Utiliza\u00e7\u00e3o"},"content":{"rendered":"<h2>Compromisso e aceita\u00e7\u00e3o dos termos<\/h2>\n<p>Ao visitar ou utilizar de outra forma este website, o utilizador declara ter lido e aceite cumprir os presentes Termos de Utiliza\u00e7\u00e3o, bem como todos os termos presentes na nossa Pol\u00edtica de Privacidade.<\/p>\n<p>O Gavi\u00e3o Novo reserva-se ao direito de restringir ou bloquear o acesso a qualquer utilizador que aparente estar a infringir estes termos, sem qualquer aviso pr\u00e9vio, bem como a ser indemnizado pelos danos causados pela utiliza\u00e7\u00e3o impr\u00f3pria do website.<\/p>\n<p>Na utiliza\u00e7\u00e3o que fizer deste website (incluindo na submiss\u00e3o, envio ou publica\u00e7\u00e3o de conte\u00fados), o Utilizador est\u00e1 obrigado e declara aceitar e cumprir a legisla\u00e7\u00e3o aplic\u00e1vel, e concretamente o C\u00f3digo do Direito de Autor e dos Direitos Conexos, o C\u00f3digo da Propriedade Industrial e a Lei da Criminalidade Inform\u00e1tica.<\/p>\n<h2>Conte\u00fado e Copyright<\/h2>\n<p>Todo o conte\u00fado presente neste website pertence aos seus autores, sendo qualquer conte\u00fado proveniente de terceiros devidamente referenciado. Se pensa que o nosso website est\u00e1 a fazer uso de conte\u00fado da sua autoria ou que infringe algum direito de autor pode nos contactar utilizando a nossa p\u00e1gina de contactos, de forma a corrigir essa situa\u00e7\u00e3o.<\/p>\n<h2>Altera\u00e7\u00e3o do c\u00f3digo e acesso n\u00e3o autorizado<\/h2>\n<p>\u00c9 expressamente proibido ao utilizador criar ou introduzir qualquer tipo de v\u00edrus ou altera\u00e7\u00e3o ao c\u00f3digo fonte, apar\u00eancia do website, nega\u00e7\u00e3o de acesso por sobrecarga do servidor ou redirecionamento de tr\u00e1fego para outros s\u00edtios que n\u00e3o os autorizados previamente pela dire\u00e7\u00e3o do restaurante.<\/p>\n<h2>Isen\u00e7\u00e3o de responsabilidade<\/h2>\n<p>O Gavi\u00e3o Novo n\u00e3o se compromete de alguma forma a indemnizar ou assumir responsabilidade por qualquer dano ou inconveniente que o utilizador afirme ter como resultado de visitar o nosso website ou alguma das nossas liga\u00e7\u00f5es para websites externos.<\/p>\n<h2>Altera\u00e7\u00e3o de conte\u00fado<\/h2>\n<p>O Gavi\u00e3o Novo pode a qualquer momento, editar, modificar, remover ou negar o acesso de qualquer conte\u00fado presente neste website, incluindo este documento e outros documentos relevantes, tais como a pol\u00edtica de privacidade, de forma a que se compromete a verificar regularmente os mesmos, de forma a agir sempre de acordo com os termos de utiliza\u00e7\u00e3o, regras e boas pr\u00e1ticas mais recentes em vigor.<\/p>\n<h2>Resolu\u00e7\u00e3o Alternativa de Lit\u00edgios<\/h2>\n<p>Em caso de lit\u00edgio o consumidor pode recorrer a uma Entidade de Resolu\u00e7\u00e3o Alternativa de Lit\u00edgios de consumo: CACCRAM, 291508349, www.srrh.gov-madeira.pt\/cacc. Mais informa\u00e7\u00f5es em Portal do Consumidor www.consumidor.pt.<\/p>\n","protected":false},"excerpt":{"rendered":"<p>Compromisso e aceita\u00e7\u00e3o dos termos Ao visitar ou utilizar de outra forma este website, o utilizador declara ter lido e aceite cumprir os presentes Termos de Utiliza\u00e7\u00e3o, bem como todos os termos presentes na nossa Pol\u00edtica de Privacidade. O Gavi\u00e3o Novo reserva-se ao direito de restringir ou bloquear o acesso a qualquer utilizador que aparente &hellip; <a href=\"https:\/\/gaviaonovo.com\/pt-pt\/termos-de-utilizacao\/\">Continued<\/a><\/p>\n","protected":false},"author":1,"featured_media":0,"parent":0,"menu_order":0,"comment_status":"closed","ping_status":"closed","template":"","meta":{"footnotes":""},"class_list":["post-35","page","type-page","status-publish","hentry"],"yoast_head":"<!-- This site is optimized with the Yoast SEO plugin v27.3 - https:\/\/yoast.com\/product\/yoast-seo-wordpress\/ -->\n<title>Termos de Utiliza\u00e7\u00e3o - Gavi\u00e3o Novo<\/title>\n<meta name=\"robots\" content=\"index, follow, max-snippet:-1, max-image-preview:large, max-video-preview:-1\" \/>\n<link rel=\"canonical\" href=\"https:\/\/gaviaonovo.com\/pt-pt\/termos-de-utilizacao\/\" \/>\n<meta property=\"og:locale\" content=\"pt_PT\" \/>\n<meta property=\"og:type\" content=\"article\" \/>\n<meta property=\"og:title\" content=\"Termos de Utiliza\u00e7\u00e3o - Gavi\u00e3o Novo\" \/>\n<meta property=\"og:description\" content=\"Compromisso e aceita\u00e7\u00e3o dos termos Ao visitar ou utilizar de outra forma este website, o utilizador declara ter lido e aceite cumprir os presentes Termos de Utiliza\u00e7\u00e3o, bem como todos os termos presentes na nossa Pol\u00edtica de Privacidade. O Gavi\u00e3o Novo reserva-se ao direito de restringir ou bloquear o acesso a qualquer utilizador que aparente &hellip; Continued\" \/>\n<meta property=\"og:url\" content=\"https:\/\/gaviaonovo.com\/pt-pt\/termos-de-utilizacao\/\" \/>\n<meta property=\"og:site_name\" content=\"Gavi\u00e3o Novo\" \/>\n<meta property=\"article:modified_time\" content=\"2016-06-30T17:54:49+00:00\" \/>\n<meta name=\"twitter:card\" content=\"summary_large_image\" \/>\n<meta name=\"twitter:label1\" content=\"Tempo estimado de leitura\" \/>\n\t<meta name=\"twitter:data1\" content=\"2 minutos\" \/>\n<script type=\"application\/ld+json\" class=\"yoast-schema-graph\">{\"@context\":\"https:\\\/\\\/schema.org\",\"@graph\":[{\"@type\":\"WebPage\",\"@id\":\"https:\\\/\\\/gaviaonovo.com\\\/pt-pt\\\/termos-de-utilizacao\\\/\",\"url\":\"https:\\\/\\\/gaviaonovo.com\\\/pt-pt\\\/termos-de-utilizacao\\\/\",\"name\":\"Termos de Utiliza\u00e7\u00e3o - Gavi\u00e3o Novo\",\"isPartOf\":{\"@id\":\"https:\\\/\\\/gaviaonovo.com\\\/#website\"},\"datePublished\":\"2016-06-29T16:49:17+00:00\",\"dateModified\":\"2016-06-30T17:54:49+00:00\",\"breadcrumb\":{\"@id\":\"https:\\\/\\\/gaviaonovo.com\\\/pt-pt\\\/termos-de-utilizacao\\\/#breadcrumb\"},\"inLanguage\":\"pt-PT\",\"potentialAction\":[{\"@type\":\"ReadAction\",\"target\":[\"https:\\\/\\\/gaviaonovo.com\\\/pt-pt\\\/termos-de-utilizacao\\\/\"]}]},{\"@type\":\"BreadcrumbList\",\"@id\":\"https:\\\/\\\/gaviaonovo.com\\\/pt-pt\\\/termos-de-utilizacao\\\/#breadcrumb\",\"itemListElement\":[{\"@type\":\"ListItem\",\"position\":1,\"name\":\"Home\",\"item\":\"https:\\\/\\\/gaviaonovo.com\\\/pt-pt\\\/\"},{\"@type\":\"ListItem\",\"position\":2,\"name\":\"Termos de Utiliza\u00e7\u00e3o\"}]},{\"@type\":\"WebSite\",\"@id\":\"https:\\\/\\\/gaviaonovo.com\\\/#website\",\"url\":\"https:\\\/\\\/gaviaonovo.com\\\/\",\"name\":\"Gavi\u00e3o Novo\",\"description\":\"\",\"potentialAction\":[{\"@type\":\"SearchAction\",\"target\":{\"@type\":\"EntryPoint\",\"urlTemplate\":\"https:\\\/\\\/gaviaonovo.com\\\/?s={search_term_string}\"},\"query-input\":{\"@type\":\"PropertyValueSpecification\",\"valueRequired\":true,\"valueName\":\"search_term_string\"}}],\"inLanguage\":\"pt-PT\"}]}<\/script>\n<!-- \/ Yoast SEO plugin. -->","yoast_head_json":{"title":"Termos de Utiliza\u00e7\u00e3o - Gavi\u00e3o Novo","robots":{"index":"index","follow":"follow","max-snippet":"max-snippet:-1","max-image-preview":"max-image-preview:large","max-video-preview":"max-video-preview:-1"},"canonical":"https:\/\/gaviaonovo.com\/pt-pt\/termos-de-utilizacao\/","og_locale":"pt_PT","og_type":"article","og_title":"Termos de Utiliza\u00e7\u00e3o - Gavi\u00e3o Novo","og_description":"Compromisso e aceita\u00e7\u00e3o dos termos Ao visitar ou utilizar de outra forma este website, o utilizador declara ter lido e aceite cumprir os presentes Termos de Utiliza\u00e7\u00e3o, bem como todos os termos presentes na nossa Pol\u00edtica de Privacidade. O Gavi\u00e3o Novo reserva-se ao direito de restringir ou bloquear o acesso a qualquer utilizador que aparente &hellip; Continued","og_url":"https:\/\/gaviaonovo.com\/pt-pt\/termos-de-utilizacao\/","og_site_name":"Gavi\u00e3o Novo","article_modified_time":"2016-06-30T17:54:49+00:00","twitter_card":"summary_large_image","twitter_misc":{"Tempo estimado de leitura":"2 minutos"},"schema":{"@context":"https:\/\/schema.org","@graph":[{"@type":"WebPage","@id":"https:\/\/gaviaonovo.com\/pt-pt\/termos-de-utilizacao\/","url":"https:\/\/gaviaonovo.com\/pt-pt\/termos-de-utilizacao\/","name":"Termos de Utiliza\u00e7\u00e3o - Gavi\u00e3o Novo","isPartOf":{"@id":"https:\/\/gaviaonovo.com\/#website"},"datePublished":"2016-06-29T16:49:17+00:00","dateModified":"2016-06-30T17:54:49+00:00","breadcrumb":{"@id":"https:\/\/gaviaonovo.com\/pt-pt\/termos-de-utilizacao\/#breadcrumb"},"inLanguage":"pt-PT","potentialAction":[{"@type":"ReadAction","target":["https:\/\/gaviaonovo.com\/pt-pt\/termos-de-utilizacao\/"]}]},{"@type":"BreadcrumbList","@id":"https:\/\/gaviaonovo.com\/pt-pt\/termos-de-utilizacao\/#breadcrumb","itemListElement":[{"@type":"ListItem","position":1,"name":"Home","item":"https:\/\/gaviaonovo.com\/pt-pt\/"},{"@type":"ListItem","position":2,"name":"Termos de Utiliza\u00e7\u00e3o"}]},{"@type":"WebSite","@id":"https:\/\/gaviaonovo.com\/#website","url":"https:\/\/gaviaonovo.com\/","name":"Gavi\u00e3o Novo","description":"","potentialAction":[{"@type":"SearchAction","target":{"@type":"EntryPoint","urlTemplate":"https:\/\/gaviaonovo.com\/?s={search_term_string}"},"query-input":{"@type":"PropertyValueSpecification","valueRequired":true,"valueName":"search_term_string"}}],"inLanguage":"pt-PT"}]}},"_links":{"self":[{"href":"https:\/\/gaviaonovo.com\/pt-pt\/wp-json\/wp\/v2\/pages\/35","targetHints":{"allow":["GET"]}}],"collection":[{"href":"https:\/\/gaviaonovo.com\/pt-pt\/wp-json\/wp\/v2\/pages"}],"about":[{"href":"https:\/\/gaviaonovo.com\/pt-pt\/wp-json\/wp\/v2\/types\/page"}],"author":[{"embeddable":true,"href":"https:\/\/gaviaonovo.com\/pt-pt\/wp-json\/wp\/v2\/users\/1"}],"replies":[{"embeddable":true,"href":"https:\/\/gaviaonovo.com\/pt-pt\/wp-json\/wp\/v2\/comments?post=35"}],"version-history":[{"count":3,"href":"https:\/\/gaviaonovo.com\/pt-pt\/wp-json\/wp\/v2\/pages\/35\/revisions"}],"predecessor-version":[{"id":48,"href":"https:\/\/gaviaonovo.com\/pt-pt\/wp-json\/wp\/v2\/pages\/35\/revisions\/48"}],"wp:attachment":[{"href":"https:\/\/gaviaonovo.com\/pt-pt\/wp-json\/wp\/v2\/media?parent=35"}],"curies":[{"name":"wp","href":"https:\/\/api.w.org\/{rel}","templated":true}]}}