{"id":33,"date":"2016-06-29T16:48:26","date_gmt":"2016-06-29T16:48:26","guid":{"rendered":"https:\/\/gaviaonovo.com\/pt-pt\/?page_id=33"},"modified":"2016-06-30T17:56:13","modified_gmt":"2016-06-30T17:56:13","slug":"politica-de-privacidade","status":"publish","type":"page","link":"https:\/\/gaviaonovo.com\/pt-pt\/politica-de-privacidade\/","title":{"rendered":"Pol\u00edtica de Privacidade"},"content":{"rendered":"<p><span style=\"font-weight: 400;\">Todas as suas informa\u00e7\u00f5es pessoais recolhidas, ser\u00e3o usadas para o ajudar a tornar a sua visita no nosso site o mais produtiva e agrad\u00e1vel poss\u00edvel.<\/span><\/p>\n<p><span style=\"font-weight: 400;\">A garantia da confidencialidade dos dados pessoais dos utilizadores do nosso site \u00e9 importante para o Gavi\u00e3o Novo.<\/span><\/p>\n<p><span style=\"font-weight: 400;\">Todas as informa\u00e7\u00f5es pessoais relativas a membros, assinantes, clientes ou visitantes que usem o Gavi\u00e3o Novo ser\u00e3o tratadas em concord\u00e2ncia com a Lei da Prote\u00e7\u00e3o de Dados Pessoais de 26 de outubro de 1998 (Lei n.\u00ba 67\/98).<\/span><\/p>\n<p><span style=\"font-weight: 400;\">A informa\u00e7\u00e3o pessoal recolhida pode incluir o seu nome, e-mail, n\u00famero de telefone e\/ou telem\u00f3vel, morada, data de nascimento e\/ou outros.<\/span><\/p>\n<p><span style=\"font-weight: 400;\">O uso do Gavi\u00e3o Novo pressup\u00f5e a aceita\u00e7\u00e3o deste Acordo de privacidade. A equipa do Gavi\u00e3o Novo reserva-se ao direito de alterar este acordo sem aviso pr\u00e9vio. Deste modo, recomendamos que consulte a nossa pol\u00edtica de privacidade com regularidade de forma a estar sempre atualizado.<\/span><\/p>\n<h2><b>Os an\u00fancios<\/b><\/h2>\n<p><span style=\"font-weight: 400;\">Tal como outros websites, recolhemos e utilizamos informa\u00e7\u00e3o contida nos an\u00fancios. A informa\u00e7\u00e3o contida nos an\u00fancios, inclui o seu endere\u00e7o IP (Internet Protocol), o seu ISP (Internet Service Provider), o browser que utilizou ao visitar o nosso website (como o Edge, Chrome ou o Firefox), o tempo da sua visita e que p\u00e1ginas visitou dentro do nosso website.<\/span><\/p>\n<h2><b>Os Cookies e Web Beacons<\/b><\/h2>\n<p><span style=\"font-weight: 400;\">Utilizamos cookies para armazenar informa\u00e7\u00e3o, tais como as suas prefer\u00eancias pessoas quando visita o nosso website. Isto poder\u00e1 incluir um simples pop-up, ou uma liga\u00e7\u00e3o em v\u00e1rios servi\u00e7os que providenciamos, tais como f\u00f3runs.<\/span><\/p>\n<h2><b>Liga\u00e7\u00f5es a Sites de terceiros<\/b><\/h2>\n<p><span style=\"font-weight: 400;\">A Gavi\u00e3o Novo possui liga\u00e7\u00f5es para outros sites, os quais, a nosso ver, podem conter informa\u00e7\u00f5es \/ ferramentas \u00fateis para os nossos visitantes. A nossa pol\u00edtica de privacidade n\u00e3o \u00e9 aplicada a sites de terceiros, pelo que, caso visite outro site a partir do nosso dever\u00e1 ler a politica de privacidade do mesmo.<\/span><\/p>\n<p><span style=\"font-weight: 400;\">N\u00e3o nos responsabilizamos pela pol\u00edtica de privacidade ou conte\u00fado presente nesses mesmos sites.<\/span><\/p>\n","protected":false},"excerpt":{"rendered":"<p>Todas as suas informa\u00e7\u00f5es pessoais recolhidas, ser\u00e3o usadas para o ajudar a tornar a sua visita no nosso site o mais produtiva e agrad\u00e1vel poss\u00edvel. A garantia da confidencialidade dos dados pessoais dos utilizadores do nosso site \u00e9 importante para o Gavi\u00e3o Novo. Todas as informa\u00e7\u00f5es pessoais relativas a membros, assinantes, clientes ou visitantes que &hellip; <a href=\"https:\/\/gaviaonovo.com\/pt-pt\/politica-de-privacidade\/\">Continued<\/a><\/p>\n","protected":false},"author":1,"featured_media":0,"parent":0,"menu_order":0,"comment_status":"closed","ping_status":"closed","template":"","meta":{"footnotes":""},"class_list":["post-33","page","type-page","status-publish","hentry"],"yoast_head":"<!-- This site is optimized with the Yoast SEO plugin v27.3 - https:\/\/yoast.com\/product\/yoast-seo-wordpress\/ -->\n<title>Pol\u00edtica de Privacidade - Gavi\u00e3o Novo<\/title>\n<meta name=\"robots\" content=\"index, follow, max-snippet:-1, max-image-preview:large, max-video-preview:-1\" \/>\n<link rel=\"canonical\" href=\"https:\/\/gaviaonovo.com\/pt-pt\/politica-de-privacidade\/\" \/>\n<meta property=\"og:locale\" content=\"pt_PT\" \/>\n<meta property=\"og:type\" content=\"article\" \/>\n<meta property=\"og:title\" content=\"Pol\u00edtica de Privacidade - Gavi\u00e3o Novo\" \/>\n<meta property=\"og:description\" content=\"Todas as suas informa\u00e7\u00f5es pessoais recolhidas, ser\u00e3o usadas para o ajudar a tornar a sua visita no nosso site o mais produtiva e agrad\u00e1vel poss\u00edvel. A garantia da confidencialidade dos dados pessoais dos utilizadores do nosso site \u00e9 importante para o Gavi\u00e3o Novo. Todas as informa\u00e7\u00f5es pessoais relativas a membros, assinantes, clientes ou visitantes que &hellip; Continued\" \/>\n<meta property=\"og:url\" content=\"https:\/\/gaviaonovo.com\/pt-pt\/politica-de-privacidade\/\" \/>\n<meta property=\"og:site_name\" content=\"Gavi\u00e3o Novo\" \/>\n<meta property=\"article:modified_time\" content=\"2016-06-30T17:56:13+00:00\" \/>\n<meta name=\"twitter:card\" content=\"summary_large_image\" \/>\n<meta name=\"twitter:label1\" content=\"Tempo estimado de leitura\" \/>\n\t<meta name=\"twitter:data1\" content=\"2 minutos\" \/>\n<script type=\"application\/ld+json\" class=\"yoast-schema-graph\">{\"@context\":\"https:\\\/\\\/schema.org\",\"@graph\":[{\"@type\":\"WebPage\",\"@id\":\"https:\\\/\\\/gaviaonovo.com\\\/pt-pt\\\/politica-de-privacidade\\\/\",\"url\":\"https:\\\/\\\/gaviaonovo.com\\\/pt-pt\\\/politica-de-privacidade\\\/\",\"name\":\"Pol\u00edtica de Privacidade - Gavi\u00e3o Novo\",\"isPartOf\":{\"@id\":\"https:\\\/\\\/gaviaonovo.com\\\/#website\"},\"datePublished\":\"2016-06-29T16:48:26+00:00\",\"dateModified\":\"2016-06-30T17:56:13+00:00\",\"breadcrumb\":{\"@id\":\"https:\\\/\\\/gaviaonovo.com\\\/pt-pt\\\/politica-de-privacidade\\\/#breadcrumb\"},\"inLanguage\":\"pt-PT\",\"potentialAction\":[{\"@type\":\"ReadAction\",\"target\":[\"https:\\\/\\\/gaviaonovo.com\\\/pt-pt\\\/politica-de-privacidade\\\/\"]}]},{\"@type\":\"BreadcrumbList\",\"@id\":\"https:\\\/\\\/gaviaonovo.com\\\/pt-pt\\\/politica-de-privacidade\\\/#breadcrumb\",\"itemListElement\":[{\"@type\":\"ListItem\",\"position\":1,\"name\":\"Home\",\"item\":\"https:\\\/\\\/gaviaonovo.com\\\/pt-pt\\\/\"},{\"@type\":\"ListItem\",\"position\":2,\"name\":\"Pol\u00edtica de Privacidade\"}]},{\"@type\":\"WebSite\",\"@id\":\"https:\\\/\\\/gaviaonovo.com\\\/#website\",\"url\":\"https:\\\/\\\/gaviaonovo.com\\\/\",\"name\":\"Gavi\u00e3o Novo\",\"description\":\"\",\"potentialAction\":[{\"@type\":\"SearchAction\",\"target\":{\"@type\":\"EntryPoint\",\"urlTemplate\":\"https:\\\/\\\/gaviaonovo.com\\\/?s={search_term_string}\"},\"query-input\":{\"@type\":\"PropertyValueSpecification\",\"valueRequired\":true,\"valueName\":\"search_term_string\"}}],\"inLanguage\":\"pt-PT\"}]}<\/script>\n<!-- \/ Yoast SEO plugin. -->","yoast_head_json":{"title":"Pol\u00edtica de Privacidade - Gavi\u00e3o Novo","robots":{"index":"index","follow":"follow","max-snippet":"max-snippet:-1","max-image-preview":"max-image-preview:large","max-video-preview":"max-video-preview:-1"},"canonical":"https:\/\/gaviaonovo.com\/pt-pt\/politica-de-privacidade\/","og_locale":"pt_PT","og_type":"article","og_title":"Pol\u00edtica de Privacidade - Gavi\u00e3o Novo","og_description":"Todas as suas informa\u00e7\u00f5es pessoais recolhidas, ser\u00e3o usadas para o ajudar a tornar a sua visita no nosso site o mais produtiva e agrad\u00e1vel poss\u00edvel. A garantia da confidencialidade dos dados pessoais dos utilizadores do nosso site \u00e9 importante para o Gavi\u00e3o Novo. Todas as informa\u00e7\u00f5es pessoais relativas a membros, assinantes, clientes ou visitantes que &hellip; Continued","og_url":"https:\/\/gaviaonovo.com\/pt-pt\/politica-de-privacidade\/","og_site_name":"Gavi\u00e3o Novo","article_modified_time":"2016-06-30T17:56:13+00:00","twitter_card":"summary_large_image","twitter_misc":{"Tempo estimado de leitura":"2 minutos"},"schema":{"@context":"https:\/\/schema.org","@graph":[{"@type":"WebPage","@id":"https:\/\/gaviaonovo.com\/pt-pt\/politica-de-privacidade\/","url":"https:\/\/gaviaonovo.com\/pt-pt\/politica-de-privacidade\/","name":"Pol\u00edtica de Privacidade - Gavi\u00e3o Novo","isPartOf":{"@id":"https:\/\/gaviaonovo.com\/#website"},"datePublished":"2016-06-29T16:48:26+00:00","dateModified":"2016-06-30T17:56:13+00:00","breadcrumb":{"@id":"https:\/\/gaviaonovo.com\/pt-pt\/politica-de-privacidade\/#breadcrumb"},"inLanguage":"pt-PT","potentialAction":[{"@type":"ReadAction","target":["https:\/\/gaviaonovo.com\/pt-pt\/politica-de-privacidade\/"]}]},{"@type":"BreadcrumbList","@id":"https:\/\/gaviaonovo.com\/pt-pt\/politica-de-privacidade\/#breadcrumb","itemListElement":[{"@type":"ListItem","position":1,"name":"Home","item":"https:\/\/gaviaonovo.com\/pt-pt\/"},{"@type":"ListItem","position":2,"name":"Pol\u00edtica de Privacidade"}]},{"@type":"WebSite","@id":"https:\/\/gaviaonovo.com\/#website","url":"https:\/\/gaviaonovo.com\/","name":"Gavi\u00e3o Novo","description":"","potentialAction":[{"@type":"SearchAction","target":{"@type":"EntryPoint","urlTemplate":"https:\/\/gaviaonovo.com\/?s={search_term_string}"},"query-input":{"@type":"PropertyValueSpecification","valueRequired":true,"valueName":"search_term_string"}}],"inLanguage":"pt-PT"}]}},"_links":{"self":[{"href":"https:\/\/gaviaonovo.com\/pt-pt\/wp-json\/wp\/v2\/pages\/33","targetHints":{"allow":["GET"]}}],"collection":[{"href":"https:\/\/gaviaonovo.com\/pt-pt\/wp-json\/wp\/v2\/pages"}],"about":[{"href":"https:\/\/gaviaonovo.com\/pt-pt\/wp-json\/wp\/v2\/types\/page"}],"author":[{"embeddable":true,"href":"https:\/\/gaviaonovo.com\/pt-pt\/wp-json\/wp\/v2\/users\/1"}],"replies":[{"embeddable":true,"href":"https:\/\/gaviaonovo.com\/pt-pt\/wp-json\/wp\/v2\/comments?post=33"}],"version-history":[{"count":2,"href":"https:\/\/gaviaonovo.com\/pt-pt\/wp-json\/wp\/v2\/pages\/33\/revisions"}],"predecessor-version":[{"id":51,"href":"https:\/\/gaviaonovo.com\/pt-pt\/wp-json\/wp\/v2\/pages\/33\/revisions\/51"}],"wp:attachment":[{"href":"https:\/\/gaviaonovo.com\/pt-pt\/wp-json\/wp\/v2\/media?parent=33"}],"curies":[{"name":"wp","href":"https:\/\/api.w.org\/{rel}","templated":true}]}}