{"id":29,"date":"2016-06-29T16:47:43","date_gmt":"2016-06-29T16:47:43","guid":{"rendered":"https:\/\/gaviaonovo.com\/pt-pt\/?page_id=29"},"modified":"2016-06-30T20:36:35","modified_gmt":"2016-06-30T20:36:35","slug":"sobre","status":"publish","type":"page","link":"https:\/\/gaviaonovo.com\/pt-pt\/sobre\/","title":{"rendered":"Sobre"},"content":{"rendered":"<p>Restaurante acolhedor e bem-apresentado o Gavi\u00e3o Novo est\u00e1 localizado numa das ruas mais movimentadas da zona velha do Funchal. Com uma decora\u00e7\u00e3o cl\u00e1ssica, o que chama mais a aten\u00e7\u00e3o \u00e9 a parede de pedra, e o arco de pedra que se encontra no meio da sala.<\/p>\n<p><img loading=\"lazy\" decoding=\"async\" class=\"alignnone size-medium wp-image-55\" src=\"https:\/\/gaviaonovo.com\/wp-content\/uploads\/2016\/06\/interior-1170x555.jpg\" alt=\"interior\" width=\"1170\" height=\"555\" srcset=\"https:\/\/gaviaonovo.com\/wp-content\/uploads\/2016\/06\/interior-1170x555.jpg 1170w, https:\/\/gaviaonovo.com\/wp-content\/uploads\/2016\/06\/interior-370x175.jpg 370w, https:\/\/gaviaonovo.com\/wp-content\/uploads\/2016\/06\/interior-768x364.jpg 768w, https:\/\/gaviaonovo.com\/wp-content\/uploads\/2016\/06\/interior.jpg 1200w\" sizes=\"auto, (max-width: 1170px) 100vw, 1170px\" \/><\/p>\n<p>O peixe do dia est\u00e1 dependente do que os pescadores locais pescaram na noite anterior. As especialidades de peixe incluem espada grelhada, espadarte, sardinhas, arroz de marisco e Paella mista.<\/p>\n<p><img loading=\"lazy\" decoding=\"async\" class=\"alignnone size-medium wp-image-57\" src=\"https:\/\/gaviaonovo.com\/wp-content\/uploads\/2016\/06\/exterior-1170x557.jpg\" alt=\"exterior\" width=\"1170\" height=\"557\" srcset=\"https:\/\/gaviaonovo.com\/wp-content\/uploads\/2016\/06\/exterior-1170x557.jpg 1170w, https:\/\/gaviaonovo.com\/wp-content\/uploads\/2016\/06\/exterior-370x176.jpg 370w, https:\/\/gaviaonovo.com\/wp-content\/uploads\/2016\/06\/exterior-768x365.jpg 768w, https:\/\/gaviaonovo.com\/wp-content\/uploads\/2016\/06\/exterior.jpg 1200w\" sizes=\"auto, (max-width: 1170px) 100vw, 1170px\" \/><\/p>\n<p>Mesmo que n\u00e3o seja apreciador de peixe ou mariscos tem \u00f3timos pratos de carne por onde escolher como os bifes do filete num delicioso molho com cogumelos, pimento verde ou camar\u00e3o; medalh\u00f5es de filete de porco com queijo Roquefort ou ainda um fant\u00e1stico Bife \u00e0 Chefe.<\/p>\n","protected":false},"excerpt":{"rendered":"<p>Restaurante acolhedor e bem-apresentado o Gavi\u00e3o Novo est\u00e1 localizado numa das ruas mais movimentadas da zona velha do Funchal. Com uma decora\u00e7\u00e3o cl\u00e1ssica, o que chama mais a aten\u00e7\u00e3o \u00e9 a parede de pedra, e o arco de pedra que se encontra no meio da sala. O peixe do dia est\u00e1 dependente do que os &hellip; <a href=\"https:\/\/gaviaonovo.com\/pt-pt\/sobre\/\">Continued<\/a><\/p>\n","protected":false},"author":1,"featured_media":46,"parent":0,"menu_order":0,"comment_status":"closed","ping_status":"closed","template":"","meta":{"footnotes":""},"class_list":["post-29","page","type-page","status-publish","has-post-thumbnail","hentry"],"yoast_head":"<!-- This site is optimized with the Yoast SEO plugin v27.3 - https:\/\/yoast.com\/product\/yoast-seo-wordpress\/ -->\n<title>Sobre - Gavi\u00e3o Novo<\/title>\n<meta name=\"robots\" content=\"index, follow, max-snippet:-1, max-image-preview:large, max-video-preview:-1\" \/>\n<link rel=\"canonical\" href=\"https:\/\/gaviaonovo.com\/pt-pt\/sobre\/\" \/>\n<meta property=\"og:locale\" content=\"pt_PT\" \/>\n<meta property=\"og:type\" content=\"article\" \/>\n<meta property=\"og:title\" content=\"Sobre - Gavi\u00e3o Novo\" \/>\n<meta property=\"og:description\" content=\"Restaurante acolhedor e bem-apresentado o Gavi\u00e3o Novo est\u00e1 localizado numa das ruas mais movimentadas da zona velha do Funchal. Com uma decora\u00e7\u00e3o cl\u00e1ssica, o que chama mais a aten\u00e7\u00e3o \u00e9 a parede de pedra, e o arco de pedra que se encontra no meio da sala. O peixe do dia est\u00e1 dependente do que os &hellip; Continued\" \/>\n<meta property=\"og:url\" content=\"https:\/\/gaviaonovo.com\/pt-pt\/sobre\/\" \/>\n<meta property=\"og:site_name\" content=\"Gavi\u00e3o Novo\" \/>\n<meta property=\"article:modified_time\" content=\"2016-06-30T20:36:35+00:00\" \/>\n<meta property=\"og:image\" content=\"https:\/\/gaviaonovo.com\/wp-content\/uploads\/2016\/06\/fundo-sobre.jpg\" \/>\n\t<meta property=\"og:image:width\" content=\"1600\" \/>\n\t<meta property=\"og:image:height\" content=\"1067\" \/>\n\t<meta property=\"og:image:type\" content=\"image\/jpeg\" \/>\n<meta name=\"twitter:card\" content=\"summary_large_image\" \/>\n<meta name=\"twitter:label1\" content=\"Tempo estimado de leitura\" \/>\n\t<meta name=\"twitter:data1\" content=\"1 minuto\" \/>\n<script type=\"application\/ld+json\" class=\"yoast-schema-graph\">{\"@context\":\"https:\\\/\\\/schema.org\",\"@graph\":[{\"@type\":\"WebPage\",\"@id\":\"https:\\\/\\\/gaviaonovo.com\\\/pt-pt\\\/sobre\\\/\",\"url\":\"https:\\\/\\\/gaviaonovo.com\\\/pt-pt\\\/sobre\\\/\",\"name\":\"Sobre - Gavi\u00e3o Novo\",\"isPartOf\":{\"@id\":\"https:\\\/\\\/gaviaonovo.com\\\/#website\"},\"primaryImageOfPage\":{\"@id\":\"https:\\\/\\\/gaviaonovo.com\\\/pt-pt\\\/sobre\\\/#primaryimage\"},\"image\":{\"@id\":\"https:\\\/\\\/gaviaonovo.com\\\/pt-pt\\\/sobre\\\/#primaryimage\"},\"thumbnailUrl\":\"https:\\\/\\\/gaviaonovo.com\\\/wp-content\\\/uploads\\\/2016\\\/06\\\/fundo-sobre.jpg\",\"datePublished\":\"2016-06-29T16:47:43+00:00\",\"dateModified\":\"2016-06-30T20:36:35+00:00\",\"breadcrumb\":{\"@id\":\"https:\\\/\\\/gaviaonovo.com\\\/pt-pt\\\/sobre\\\/#breadcrumb\"},\"inLanguage\":\"pt-PT\",\"potentialAction\":[{\"@type\":\"ReadAction\",\"target\":[\"https:\\\/\\\/gaviaonovo.com\\\/pt-pt\\\/sobre\\\/\"]}]},{\"@type\":\"ImageObject\",\"inLanguage\":\"pt-PT\",\"@id\":\"https:\\\/\\\/gaviaonovo.com\\\/pt-pt\\\/sobre\\\/#primaryimage\",\"url\":\"https:\\\/\\\/gaviaonovo.com\\\/wp-content\\\/uploads\\\/2016\\\/06\\\/fundo-sobre.jpg\",\"contentUrl\":\"https:\\\/\\\/gaviaonovo.com\\\/wp-content\\\/uploads\\\/2016\\\/06\\\/fundo-sobre.jpg\",\"width\":1600,\"height\":1067,\"caption\":\"Restaurant Funchal\"},{\"@type\":\"BreadcrumbList\",\"@id\":\"https:\\\/\\\/gaviaonovo.com\\\/pt-pt\\\/sobre\\\/#breadcrumb\",\"itemListElement\":[{\"@type\":\"ListItem\",\"position\":1,\"name\":\"Home\",\"item\":\"https:\\\/\\\/gaviaonovo.com\\\/pt-pt\\\/\"},{\"@type\":\"ListItem\",\"position\":2,\"name\":\"Sobre\"}]},{\"@type\":\"WebSite\",\"@id\":\"https:\\\/\\\/gaviaonovo.com\\\/#website\",\"url\":\"https:\\\/\\\/gaviaonovo.com\\\/\",\"name\":\"Gavi\u00e3o Novo\",\"description\":\"\",\"potentialAction\":[{\"@type\":\"SearchAction\",\"target\":{\"@type\":\"EntryPoint\",\"urlTemplate\":\"https:\\\/\\\/gaviaonovo.com\\\/?s={search_term_string}\"},\"query-input\":{\"@type\":\"PropertyValueSpecification\",\"valueRequired\":true,\"valueName\":\"search_term_string\"}}],\"inLanguage\":\"pt-PT\"}]}<\/script>\n<!-- \/ Yoast SEO plugin. -->","yoast_head_json":{"title":"Sobre - Gavi\u00e3o Novo","robots":{"index":"index","follow":"follow","max-snippet":"max-snippet:-1","max-image-preview":"max-image-preview:large","max-video-preview":"max-video-preview:-1"},"canonical":"https:\/\/gaviaonovo.com\/pt-pt\/sobre\/","og_locale":"pt_PT","og_type":"article","og_title":"Sobre - Gavi\u00e3o Novo","og_description":"Restaurante acolhedor e bem-apresentado o Gavi\u00e3o Novo est\u00e1 localizado numa das ruas mais movimentadas da zona velha do Funchal. Com uma decora\u00e7\u00e3o cl\u00e1ssica, o que chama mais a aten\u00e7\u00e3o \u00e9 a parede de pedra, e o arco de pedra que se encontra no meio da sala. O peixe do dia est\u00e1 dependente do que os &hellip; Continued","og_url":"https:\/\/gaviaonovo.com\/pt-pt\/sobre\/","og_site_name":"Gavi\u00e3o Novo","article_modified_time":"2016-06-30T20:36:35+00:00","og_image":[{"width":1600,"height":1067,"url":"https:\/\/gaviaonovo.com\/wp-content\/uploads\/2016\/06\/fundo-sobre.jpg","type":"image\/jpeg"}],"twitter_card":"summary_large_image","twitter_misc":{"Tempo estimado de leitura":"1 minuto"},"schema":{"@context":"https:\/\/schema.org","@graph":[{"@type":"WebPage","@id":"https:\/\/gaviaonovo.com\/pt-pt\/sobre\/","url":"https:\/\/gaviaonovo.com\/pt-pt\/sobre\/","name":"Sobre - Gavi\u00e3o Novo","isPartOf":{"@id":"https:\/\/gaviaonovo.com\/#website"},"primaryImageOfPage":{"@id":"https:\/\/gaviaonovo.com\/pt-pt\/sobre\/#primaryimage"},"image":{"@id":"https:\/\/gaviaonovo.com\/pt-pt\/sobre\/#primaryimage"},"thumbnailUrl":"https:\/\/gaviaonovo.com\/wp-content\/uploads\/2016\/06\/fundo-sobre.jpg","datePublished":"2016-06-29T16:47:43+00:00","dateModified":"2016-06-30T20:36:35+00:00","breadcrumb":{"@id":"https:\/\/gaviaonovo.com\/pt-pt\/sobre\/#breadcrumb"},"inLanguage":"pt-PT","potentialAction":[{"@type":"ReadAction","target":["https:\/\/gaviaonovo.com\/pt-pt\/sobre\/"]}]},{"@type":"ImageObject","inLanguage":"pt-PT","@id":"https:\/\/gaviaonovo.com\/pt-pt\/sobre\/#primaryimage","url":"https:\/\/gaviaonovo.com\/wp-content\/uploads\/2016\/06\/fundo-sobre.jpg","contentUrl":"https:\/\/gaviaonovo.com\/wp-content\/uploads\/2016\/06\/fundo-sobre.jpg","width":1600,"height":1067,"caption":"Restaurant Funchal"},{"@type":"BreadcrumbList","@id":"https:\/\/gaviaonovo.com\/pt-pt\/sobre\/#breadcrumb","itemListElement":[{"@type":"ListItem","position":1,"name":"Home","item":"https:\/\/gaviaonovo.com\/pt-pt\/"},{"@type":"ListItem","position":2,"name":"Sobre"}]},{"@type":"WebSite","@id":"https:\/\/gaviaonovo.com\/#website","url":"https:\/\/gaviaonovo.com\/","name":"Gavi\u00e3o Novo","description":"","potentialAction":[{"@type":"SearchAction","target":{"@type":"EntryPoint","urlTemplate":"https:\/\/gaviaonovo.com\/?s={search_term_string}"},"query-input":{"@type":"PropertyValueSpecification","valueRequired":true,"valueName":"search_term_string"}}],"inLanguage":"pt-PT"}]}},"_links":{"self":[{"href":"https:\/\/gaviaonovo.com\/pt-pt\/wp-json\/wp\/v2\/pages\/29","targetHints":{"allow":["GET"]}}],"collection":[{"href":"https:\/\/gaviaonovo.com\/pt-pt\/wp-json\/wp\/v2\/pages"}],"about":[{"href":"https:\/\/gaviaonovo.com\/pt-pt\/wp-json\/wp\/v2\/types\/page"}],"author":[{"embeddable":true,"href":"https:\/\/gaviaonovo.com\/pt-pt\/wp-json\/wp\/v2\/users\/1"}],"replies":[{"embeddable":true,"href":"https:\/\/gaviaonovo.com\/pt-pt\/wp-json\/wp\/v2\/comments?post=29"}],"version-history":[{"count":5,"href":"https:\/\/gaviaonovo.com\/pt-pt\/wp-json\/wp\/v2\/pages\/29\/revisions"}],"predecessor-version":[{"id":75,"href":"https:\/\/gaviaonovo.com\/pt-pt\/wp-json\/wp\/v2\/pages\/29\/revisions\/75"}],"wp:featuredmedia":[{"embeddable":true,"href":"https:\/\/gaviaonovo.com\/pt-pt\/wp-json\/wp\/v2\/media\/46"}],"wp:attachment":[{"href":"https:\/\/gaviaonovo.com\/pt-pt\/wp-json\/wp\/v2\/media?parent=29"}],"curies":[{"name":"wp","href":"https:\/\/api.w.org\/{rel}","templated":true}]}}